{"id":905,"date":"2026-01-21T00:35:37","date_gmt":"2026-01-20T23:35:37","guid":{"rendered":"https:\/\/soltekops.com\/reserva\/"},"modified":"2026-01-21T00:36:21","modified_gmt":"2026-01-20T23:36:21","slug":"reserva","status":"publish","type":"page","link":"https:\/\/soltekops.com\/en\/reserva\/","title":{"rendered":"Reservation"},"content":{"rendered":"<div class=\"wp-block-group alignfull is-style-ext-preset--group--natural-1--section has-background-background-color has-background has-global-padding is-layout-constrained wp-container-core-group-is-layout-ab56ae29 wp-block-group-is-layout-constrained\" id=\"reservar-ahora\" style=\"margin-top:0;margin-bottom:0;padding-top:var(--wp--preset--spacing--70);padding-bottom:var(--wp--preset--spacing--70)\">\n<div class=\"wp-block-group alignwide is-vertical is-content-justification-center is-layout-flex wp-container-core-group-is-layout-c9ee0c5a wp-block-group-is-layout-flex\">\n<div class=\"wp-block-group has-global-padding is-layout-constrained wp-container-core-group-is-layout-dd32767c wp-block-group-is-layout-constrained\">\n<h2 class=\"wp-block-heading has-text-align-center\">Impulsa tu negocio con ingenier\u00eda operativa avanzada<\/h2>\n\n\n\n<p class=\"has-text-align-center\">Reserva tu consulta personalizada en segundos y optimiza tus procesos con SOLTEK OPS<\/p>\n<\/div>\n<\/div>\n\n\n\n<div class=\"wp-block-group alignwide has-global-padding is-layout-constrained wp-block-group-is-layout-constrained\"><div class=\"alert-container\">    <div class=\"alert alert-danger\" style=\"font-size: 16px; color: #721c24;background-color: #f8d7da;border-color: #f5c6cb; padding: 20px; border-radius: 5px;\">        <strong>Notice:<\/strong>        This is a demo SimplyBook.me widget.    <\/div><\/div><div id=\"sbw_z0hg2i_calendar\"><\/div><script type=\"text\/javascript\">function instantiateSimplyBookWidget() {    new SimplybookWidget({        \"widget_type\": \"iframe\",        \"url\": \"https:\/\/demowidgetwpplugin.simplybook.it\",        \"theme\": \"default\",        \"theme_settings\": {\"timeline_show_end_time\":false,\"timeline_hide_unavailable\":true,\"hide_past_days\":false,\"hide_img_mode\":true,\"show_sidebar\":true,\"timeline_modern_display\":\"as_slots\",\"display_item_mode\":\"block\",\"sb_base_color\":\"#12141D\",\"booking_nav_bg_color\":\"#FFFFFF\",\"body_bg_color\":\"#f7f7f7\",\"dark_font_color\":\"#494949\",\"light_font_color\":\"#F9FAFC\",\"btn_color_1\":\"#FFFFFF\",\"sb_company_label_color\":\"#FFFFFF\",\"sb_busy\":\"#12141D\",\"sb_available\":\"#f5b400\",\"sb_review_image\":\"\",\"hide_company_label\":false,\"link_color\":\"#f5b400\"},        \"timeline\": \"modern\",        \"datepicker\": \"top_calendar\",        \"is_rtl\": \"\",        \"app_config\": {            \"clear_session\": \"1\",            \"allow_switch_to_ada\": \"\",            \"predefined\": [],        },        \"container_id\": \"sbw_z0hg2i_calendar\"    });}document.addEventListener(\"DOMContentLoaded\", instantiateSimplyBookWidget);document.addEventListener(\"loadSimplyBookPreviewWidget\", instantiateSimplyBookWidget);<\/script><\/div>\n<\/div>\n\n<div class=\"wp-block-group alignfull is-style-ext-preset--group--natural-1--section has-tertiary-background-color has-background has-global-padding is-layout-constrained wp-container-core-group-is-layout-e955bbaf wp-block-group-is-layout-constrained\" id=\"caracteristicas\" style=\"margin-top:0;margin-bottom:0;padding-top:var(--wp--preset--spacing--70);padding-bottom:var(--wp--preset--spacing--70)\">\n<div class=\"wp-block-group alignwide is-vertical is-layout-flex wp-container-core-group-is-layout-c35747d5 wp-block-group-is-layout-flex\">\n<div class=\"wp-block-group has-global-padding is-layout-constrained wp-container-core-group-is-layout-5e05634a wp-block-group-is-layout-constrained\">\n<h2 class=\"wp-block-heading\">Optimizaci\u00f3n eficiente para la expansi\u00f3n empresarial<\/h2>\n\n\n\n<p class=\"has-text-align-left\">Descubre c\u00f3mo nuestras soluciones integrales transforman operaciones, impulsan la automatizaci\u00f3n y maximizan la productividad de tu empresa.<\/p>\n<\/div>\n<\/div>\n\n\n\n<div class=\"wp-block-columns alignwide is-layout-flex wp-container-core-columns-is-layout-87beb0d0 wp-block-columns-is-layout-flex\">\n<div class=\"wp-block-column is-vertically-aligned-stretch is-layout-flow wp-container-core-column-is-layout-119bc444 wp-block-column-is-layout-flow\">\n<div class=\"wp-block-media-text is-stacked-on-mobile is-image-fill-element is-style-ext-preset--media-text--natural-1--card-1 has-background-background-color has-background is-style-ext-preset--media-text--natural-1--card-1--3\"><figure class=\"wp-block-media-text__media\"><img loading=\"lazy\" decoding=\"async\" width=\"1440\" height=\"960\" class=\"wp-image-937 size-full\" src=\"https:\/\/soltekops.com\/wp-content\/uploads\/2026\/01\/3e1bc45bf6fd1d4371aa791d1105e007dbd5b498.jpg\" alt=\"\" style=\"object-position:50% 50%\" srcset=\"https:\/\/soltekops.com\/wp-content\/uploads\/2026\/01\/3e1bc45bf6fd1d4371aa791d1105e007dbd5b498.jpg 1440w, https:\/\/soltekops.com\/wp-content\/uploads\/2026\/01\/3e1bc45bf6fd1d4371aa791d1105e007dbd5b498-300x200.jpg 300w, https:\/\/soltekops.com\/wp-content\/uploads\/2026\/01\/3e1bc45bf6fd1d4371aa791d1105e007dbd5b498-1024x683.jpg 1024w, https:\/\/soltekops.com\/wp-content\/uploads\/2026\/01\/3e1bc45bf6fd1d4371aa791d1105e007dbd5b498-768x512.jpg 768w, https:\/\/soltekops.com\/wp-content\/uploads\/2026\/01\/3e1bc45bf6fd1d4371aa791d1105e007dbd5b498-18x12.jpg 18w\" sizes=\"auto, (max-width: 1440px) 100vw, 1440px\" \/><\/figure><div class=\"wp-block-media-text__content\">\n<div class=\"wp-block-group is-style-default has-global-padding is-layout-constrained wp-container-core-group-is-layout-9a7b35d3 wp-block-group-is-layout-constrained\" style=\"padding-top:var(--wp--preset--spacing--40);padding-right:var(--wp--preset--spacing--30);padding-bottom:var(--wp--preset--spacing--40);padding-left:var(--wp--preset--spacing--30)\">\n<h3 class=\"wp-block-heading\" style=\"font-size:clamp(15.747px, 0.984rem + ((1vw - 3.2px) * 0.86), 24px);\">Intelligent systems design<\/h3>\n\n\n\n<p class=\"has-small-font-size\">Implementamos arquitecturas personalizadas que integran IA para mejorar cada etapa operativa.<\/p>\n<\/div>\n<\/div><\/div>\n<\/div>\n\n\n\n<div class=\"wp-block-column is-vertically-aligned-stretch is-layout-flow wp-container-core-column-is-layout-119bc444 wp-block-column-is-layout-flow\">\n<div class=\"wp-block-media-text is-stacked-on-mobile is-image-fill-element is-style-ext-preset--media-text--natural-1--card-1 has-background-background-color has-background is-style-ext-preset--media-text--natural-1--card-1--4\"><figure class=\"wp-block-media-text__media\"><img loading=\"lazy\" decoding=\"async\" width=\"1440\" height=\"960\" class=\"wp-image-938 size-full\" src=\"https:\/\/soltekops.com\/wp-content\/uploads\/2026\/01\/3c39b40655e5d017ad604412c8cc4d6035288bf3.jpg\" alt=\"\" style=\"object-position:50% 50%\" srcset=\"https:\/\/soltekops.com\/wp-content\/uploads\/2026\/01\/3c39b40655e5d017ad604412c8cc4d6035288bf3.jpg 1440w, https:\/\/soltekops.com\/wp-content\/uploads\/2026\/01\/3c39b40655e5d017ad604412c8cc4d6035288bf3-300x200.jpg 300w, https:\/\/soltekops.com\/wp-content\/uploads\/2026\/01\/3c39b40655e5d017ad604412c8cc4d6035288bf3-1024x683.jpg 1024w, https:\/\/soltekops.com\/wp-content\/uploads\/2026\/01\/3c39b40655e5d017ad604412c8cc4d6035288bf3-768x512.jpg 768w, https:\/\/soltekops.com\/wp-content\/uploads\/2026\/01\/3c39b40655e5d017ad604412c8cc4d6035288bf3-18x12.jpg 18w\" sizes=\"auto, (max-width: 1440px) 100vw, 1440px\" \/><\/figure><div class=\"wp-block-media-text__content\">\n<div class=\"wp-block-group is-style-default has-global-padding is-layout-constrained wp-container-core-group-is-layout-9a7b35d3 wp-block-group-is-layout-constrained\" style=\"padding-top:var(--wp--preset--spacing--40);padding-right:var(--wp--preset--spacing--30);padding-bottom:var(--wp--preset--spacing--40);padding-left:var(--wp--preset--spacing--30)\">\n<h3 class=\"wp-block-heading\" style=\"font-size:clamp(15.747px, 0.984rem + ((1vw - 3.2px) * 0.86), 24px);\">Automatizaci\u00f3n avanzada<\/h3>\n\n\n\n<p class=\"has-small-font-size\">Reducimos la fricci\u00f3n operativa mediante procesos automatizados que garantizan precisi\u00f3n y rapidez.<\/p>\n<\/div>\n<\/div><\/div>\n<\/div>\n<\/div>\n\n\n\n<div class=\"wp-block-columns alignwide is-layout-flex wp-container-core-columns-is-layout-e12f0bcd wp-block-columns-is-layout-flex\" style=\"margin-top:var(--wp--preset--spacing--30)\">\n<div class=\"wp-block-column is-layout-flow wp-container-core-column-is-layout-119bc444 wp-block-column-is-layout-flow\">\n<div class=\"wp-block-media-text is-stacked-on-mobile is-image-fill-element is-style-ext-preset--media-text--natural-1--card-1 has-background-background-color has-background is-style-ext-preset--media-text--natural-1--card-1--5\"><figure class=\"wp-block-media-text__media\"><img loading=\"lazy\" decoding=\"async\" width=\"1440\" height=\"960\" class=\"wp-image-44 size-full\" src=\"https:\/\/soltekops.com\/wp-content\/uploads\/2026\/01\/48dcd32f01258e77c039c1602486a1cbce8eeedd.jpg\" alt=\"\" style=\"object-position:50% 50%\" srcset=\"https:\/\/soltekops.com\/wp-content\/uploads\/2026\/01\/48dcd32f01258e77c039c1602486a1cbce8eeedd.jpg 1440w, https:\/\/soltekops.com\/wp-content\/uploads\/2026\/01\/48dcd32f01258e77c039c1602486a1cbce8eeedd-300x200.jpg 300w, https:\/\/soltekops.com\/wp-content\/uploads\/2026\/01\/48dcd32f01258e77c039c1602486a1cbce8eeedd-1024x683.jpg 1024w, https:\/\/soltekops.com\/wp-content\/uploads\/2026\/01\/48dcd32f01258e77c039c1602486a1cbce8eeedd-768x512.jpg 768w, https:\/\/soltekops.com\/wp-content\/uploads\/2026\/01\/48dcd32f01258e77c039c1602486a1cbce8eeedd-18x12.jpg 18w\" sizes=\"auto, (max-width: 1440px) 100vw, 1440px\" \/><\/figure><div class=\"wp-block-media-text__content\">\n<div class=\"wp-block-group is-style-default has-global-padding is-layout-constrained wp-container-core-group-is-layout-9a7b35d3 wp-block-group-is-layout-constrained\" style=\"padding-top:var(--wp--preset--spacing--40);padding-right:var(--wp--preset--spacing--30);padding-bottom:var(--wp--preset--spacing--40);padding-left:var(--wp--preset--spacing--30)\">\n<h3 class=\"wp-block-heading\" style=\"font-size:clamp(15.747px, 0.984rem + ((1vw - 3.2px) * 0.86), 24px);\">Monitoreo y control en tiempo real<\/h3>\n\n\n\n<p class=\"has-small-font-size\">Supervisa y ajusta tus operaciones con tecnolog\u00eda que ofrece datos inmediatos y an\u00e1lisis predictivos.<\/p>\n<\/div>\n<\/div><\/div>\n<\/div>\n\n\n\n<div class=\"wp-block-column is-layout-flow wp-container-core-column-is-layout-119bc444 wp-block-column-is-layout-flow\">\n<div class=\"wp-block-media-text is-stacked-on-mobile is-image-fill-element is-style-ext-preset--media-text--natural-1--card-1 has-background-background-color has-background is-style-ext-preset--media-text--natural-1--card-1--6\"><figure class=\"wp-block-media-text__media\"><img loading=\"lazy\" decoding=\"async\" width=\"1440\" height=\"887\" class=\"wp-image-939 size-full\" src=\"https:\/\/soltekops.com\/wp-content\/uploads\/2026\/01\/81cb3ee52544c0bf3bd3ab1f2ae81714fb6559a3.jpg\" alt=\"\" style=\"object-position:50% 50%\" srcset=\"https:\/\/soltekops.com\/wp-content\/uploads\/2026\/01\/81cb3ee52544c0bf3bd3ab1f2ae81714fb6559a3.jpg 1440w, https:\/\/soltekops.com\/wp-content\/uploads\/2026\/01\/81cb3ee52544c0bf3bd3ab1f2ae81714fb6559a3-300x185.jpg 300w, https:\/\/soltekops.com\/wp-content\/uploads\/2026\/01\/81cb3ee52544c0bf3bd3ab1f2ae81714fb6559a3-1024x631.jpg 1024w, https:\/\/soltekops.com\/wp-content\/uploads\/2026\/01\/81cb3ee52544c0bf3bd3ab1f2ae81714fb6559a3-768x473.jpg 768w, https:\/\/soltekops.com\/wp-content\/uploads\/2026\/01\/81cb3ee52544c0bf3bd3ab1f2ae81714fb6559a3-18x12.jpg 18w\" sizes=\"auto, (max-width: 1440px) 100vw, 1440px\" \/><\/figure><div class=\"wp-block-media-text__content\">\n<div class=\"wp-block-group is-style-default has-global-padding is-layout-constrained wp-container-core-group-is-layout-9a7b35d3 wp-block-group-is-layout-constrained\" style=\"padding-top:var(--wp--preset--spacing--40);padding-right:var(--wp--preset--spacing--30);padding-bottom:var(--wp--preset--spacing--40);padding-left:var(--wp--preset--spacing--30)\">\n<h3 class=\"wp-block-heading\" style=\"font-size:clamp(15.747px, 0.984rem + ((1vw - 3.2px) * 0.86), 24px);\">Escalabilidad sostenible<\/h3>\n\n\n\n<p class=\"has-small-font-size\">Facilitamos el crecimiento controlado adaptando sistemas que crecen al ritmo de tu negocio.<\/p>\n<\/div>\n<\/div><\/div>\n<\/div>\n<\/div>\n<\/div>\n\n<div class=\"wp-block-group alignfull is-style-ext-preset--group--natural-1--section has-background-background-color has-background has-global-padding is-layout-constrained wp-block-group-is-layout-constrained\" style=\"margin-top:0;margin-bottom:0;padding-top:var(--wp--preset--spacing--70);padding-bottom:var(--wp--preset--spacing--70)\">\n<div class=\"wp-block-columns alignwide are-vertically-aligned-center is-layout-flex wp-container-core-columns-is-layout-174606dc wp-block-columns-is-layout-flex\">\n<div class=\"wp-block-column is-vertically-aligned-center is-layout-flow wp-block-column-is-layout-flow\">\n<div class=\"wp-block-group alignwide is-vertical is-layout-flex wp-container-core-group-is-layout-c35747d5 wp-block-group-is-layout-flex\">\n<div class=\"wp-block-group has-global-padding is-layout-constrained wp-container-core-group-is-layout-dd32767c wp-block-group-is-layout-constrained\">\n<h2 class=\"wp-block-heading\">Optimizaci\u00f3n inteligente con ingenier\u00eda operativa<\/h2>\n\n\n\n<p>Impulsa tu negocio con sistemas inteligentes que simplifican procesos y potencian el crecimiento. Reserva ahora y transforma tu operaci\u00f3n con SOLTEK OPS.<\/p>\n<\/div>\n\n\n\n<div class=\"wp-block-buttons is-layout-flex wp-block-buttons-is-layout-flex\">\n<div class=\"wp-block-button is-style-ext-preset--button--natural-1--button-1 is-style-ext-preset--button--natural-1--button-1--8\"><a class=\"wp-block-button__link wp-element-button\" href=\"https:\/\/soltekops.com\/contacto-2\">Reserva tu consulta<\/a><\/div>\n<\/div>\n<\/div>\n<\/div>\n\n\n\n<div class=\"wp-block-column is-vertically-aligned-center is-layout-flow wp-block-column-is-layout-flow\">\n<figure class=\"wp-block-image is-style-ext-preset--image--natural-1--image-1--content-right is-style-ext-preset--image--natural-1--image-1--content-right--9\"><img loading=\"lazy\" decoding=\"async\" width=\"1440\" height=\"960\" class=\"wp-image-937\" src=\"https:\/\/soltekops.com\/wp-content\/uploads\/2026\/01\/3e1bc45bf6fd1d4371aa791d1105e007dbd5b498.jpg\" alt=\"\" style=\"aspect-ratio:4\/3;object-fit:cover\" srcset=\"https:\/\/soltekops.com\/wp-content\/uploads\/2026\/01\/3e1bc45bf6fd1d4371aa791d1105e007dbd5b498.jpg 1440w, https:\/\/soltekops.com\/wp-content\/uploads\/2026\/01\/3e1bc45bf6fd1d4371aa791d1105e007dbd5b498-300x200.jpg 300w, https:\/\/soltekops.com\/wp-content\/uploads\/2026\/01\/3e1bc45bf6fd1d4371aa791d1105e007dbd5b498-1024x683.jpg 1024w, https:\/\/soltekops.com\/wp-content\/uploads\/2026\/01\/3e1bc45bf6fd1d4371aa791d1105e007dbd5b498-768x512.jpg 768w, https:\/\/soltekops.com\/wp-content\/uploads\/2026\/01\/3e1bc45bf6fd1d4371aa791d1105e007dbd5b498-18x12.jpg 18w\" sizes=\"auto, (max-width: 1440px) 100vw, 1440px\" \/><\/figure>\n<\/div>\n<\/div>\n<\/div>","protected":false},"excerpt":{"rendered":"<p>Impulsa tu negocio con ingenier\u00eda operativa avanzada Reserva tu consulta personalizada en segundos y optimiza tus procesos con SOLTEK OPS Optimizaci\u00f3n eficiente para la expansi\u00f3n empresarial Descubre c\u00f3mo nuestras soluciones integrales transforman operaciones, impulsan la automatizaci\u00f3n y maximizan la productividad de tu empresa. Dise\u00f1o de sistemas inteligentes Implementamos arquitecturas personalizadas que integran IA para mejorar [&hellip;]<\/p>\n","protected":false},"author":1,"featured_media":0,"parent":0,"menu_order":0,"comment_status":"closed","ping_status":"closed","template":"page-with-title","meta":{"footnotes":""},"class_list":["post-905","page","type-page","status-publish","hentry"],"yoast_head":"<!-- This site is optimized with the Yoast SEO plugin v27.2 - https:\/\/yoast.com\/product\/yoast-seo-wordpress\/ -->\n<title>Reserva - Soltek Ops<\/title>\n<meta name=\"robots\" content=\"index, follow, max-snippet:-1, max-image-preview:large, max-video-preview:-1\" \/>\n<link rel=\"canonical\" href=\"https:\/\/soltekops.com\/en\/reserva\/\" \/>\n<meta property=\"og:locale\" content=\"en_GB\" \/>\n<meta property=\"og:type\" content=\"article\" \/>\n<meta property=\"og:title\" content=\"Reserva - Soltek Ops\" \/>\n<meta property=\"og:description\" content=\"Impulsa tu negocio con ingenier\u00eda operativa avanzada Reserva tu consulta personalizada en segundos y optimiza tus procesos con SOLTEK OPS Optimizaci\u00f3n eficiente para la expansi\u00f3n empresarial Descubre c\u00f3mo nuestras soluciones integrales transforman operaciones, impulsan la automatizaci\u00f3n y maximizan la productividad de tu empresa. Dise\u00f1o de sistemas inteligentes Implementamos arquitecturas personalizadas que integran IA para mejorar [&hellip;]\" \/>\n<meta property=\"og:url\" content=\"https:\/\/soltekops.com\/en\/reserva\/\" \/>\n<meta property=\"og:site_name\" content=\"Soltek Ops\" \/>\n<meta property=\"article:modified_time\" content=\"2026-01-20T23:36:21+00:00\" \/>\n<meta property=\"og:image\" content=\"https:\/\/soltekops.com\/wp-content\/uploads\/2026\/01\/3e1bc45bf6fd1d4371aa791d1105e007dbd5b498.jpg\" \/>\n\t<meta property=\"og:image:width\" content=\"1440\" \/>\n\t<meta property=\"og:image:height\" content=\"960\" \/>\n\t<meta property=\"og:image:type\" content=\"image\/jpeg\" \/>\n<meta name=\"twitter:card\" content=\"summary_large_image\" \/>\n<meta name=\"twitter:label1\" content=\"Est. reading time\" \/>\n\t<meta name=\"twitter:data1\" content=\"1 minute\" \/>\n<script type=\"application\/ld+json\" class=\"yoast-schema-graph\">{\"@context\":\"https:\/\/schema.org\",\"@graph\":[{\"@type\":\"WebPage\",\"@id\":\"https:\/\/soltekops.com\/reserva\/\",\"url\":\"https:\/\/soltekops.com\/reserva\/\",\"name\":\"Reserva - Soltek Ops\",\"isPartOf\":{\"@id\":\"https:\/\/soltekops.com\/#website\"},\"primaryImageOfPage\":{\"@id\":\"https:\/\/soltekops.com\/reserva\/#primaryimage\"},\"image\":{\"@id\":\"https:\/\/soltekops.com\/reserva\/#primaryimage\"},\"thumbnailUrl\":\"https:\/\/soltekops.com\/wp-content\/uploads\/2026\/01\/3e1bc45bf6fd1d4371aa791d1105e007dbd5b498.jpg\",\"datePublished\":\"2026-01-20T23:35:37+00:00\",\"dateModified\":\"2026-01-20T23:36:21+00:00\",\"breadcrumb\":{\"@id\":\"https:\/\/soltekops.com\/reserva\/#breadcrumb\"},\"inLanguage\":\"en-GB\",\"potentialAction\":[{\"@type\":\"ReadAction\",\"target\":[\"https:\/\/soltekops.com\/reserva\/\"]}]},{\"@type\":\"ImageObject\",\"inLanguage\":\"en-GB\",\"@id\":\"https:\/\/soltekops.com\/reserva\/#primaryimage\",\"url\":\"https:\/\/soltekops.com\/wp-content\/uploads\/2026\/01\/3e1bc45bf6fd1d4371aa791d1105e007dbd5b498.jpg\",\"contentUrl\":\"https:\/\/soltekops.com\/wp-content\/uploads\/2026\/01\/3e1bc45bf6fd1d4371aa791d1105e007dbd5b498.jpg\"},{\"@type\":\"BreadcrumbList\",\"@id\":\"https:\/\/soltekops.com\/reserva\/#breadcrumb\",\"itemListElement\":[{\"@type\":\"ListItem\",\"position\":1,\"name\":\"Portada\",\"item\":\"https:\/\/soltekops.com\/\"},{\"@type\":\"ListItem\",\"position\":2,\"name\":\"Reserva\"}]},{\"@type\":\"WebSite\",\"@id\":\"https:\/\/soltekops.com\/#website\",\"url\":\"https:\/\/soltekops.com\/\",\"name\":\"Soltek Ops\",\"description\":\"Automatizaci&oacute;n e inteligencia artificial aplicada a operaciones de negocio\",\"publisher\":{\"@id\":\"https:\/\/soltekops.com\/#organization\"},\"potentialAction\":[{\"@type\":\"SearchAction\",\"target\":{\"@type\":\"EntryPoint\",\"urlTemplate\":\"https:\/\/soltekops.com\/?s={search_term_string}\"},\"query-input\":{\"@type\":\"PropertyValueSpecification\",\"valueRequired\":true,\"valueName\":\"search_term_string\"}}],\"inLanguage\":\"en-GB\"},{\"@type\":\"Organization\",\"@id\":\"https:\/\/soltekops.com\/#organization\",\"name\":\"Soltek Ops\",\"url\":\"https:\/\/soltekops.com\/\",\"logo\":{\"@type\":\"ImageObject\",\"inLanguage\":\"en-GB\",\"@id\":\"https:\/\/soltekops.com\/#\/schema\/logo\/image\/\",\"url\":\"https:\/\/soltekops.com\/wp-content\/uploads\/2026\/01\/cropped-image-1.png\",\"contentUrl\":\"https:\/\/soltekops.com\/wp-content\/uploads\/2026\/01\/cropped-image-1.png\",\"width\":512,\"height\":512,\"caption\":\"Soltek Ops\"},\"image\":{\"@id\":\"https:\/\/soltekops.com\/#\/schema\/logo\/image\/\"}}]}<\/script>\n<!-- \/ Yoast SEO plugin. -->","yoast_head_json":{"title":"Reserva - Soltek Ops","robots":{"index":"index","follow":"follow","max-snippet":"max-snippet:-1","max-image-preview":"max-image-preview:large","max-video-preview":"max-video-preview:-1"},"canonical":"https:\/\/soltekops.com\/en\/reserva\/","og_locale":"en_GB","og_type":"article","og_title":"Reserva - Soltek Ops","og_description":"Impulsa tu negocio con ingenier\u00eda operativa avanzada Reserva tu consulta personalizada en segundos y optimiza tus procesos con SOLTEK OPS Optimizaci\u00f3n eficiente para la expansi\u00f3n empresarial Descubre c\u00f3mo nuestras soluciones integrales transforman operaciones, impulsan la automatizaci\u00f3n y maximizan la productividad de tu empresa. Dise\u00f1o de sistemas inteligentes Implementamos arquitecturas personalizadas que integran IA para mejorar [&hellip;]","og_url":"https:\/\/soltekops.com\/en\/reserva\/","og_site_name":"Soltek Ops","article_modified_time":"2026-01-20T23:36:21+00:00","og_image":[{"width":1440,"height":960,"url":"https:\/\/soltekops.com\/wp-content\/uploads\/2026\/01\/3e1bc45bf6fd1d4371aa791d1105e007dbd5b498.jpg","type":"image\/jpeg"}],"twitter_card":"summary_large_image","twitter_misc":{"Est. reading time":"1 minute"},"schema":{"@context":"https:\/\/schema.org","@graph":[{"@type":"WebPage","@id":"https:\/\/soltekops.com\/reserva\/","url":"https:\/\/soltekops.com\/reserva\/","name":"Reserva - Soltek Ops","isPartOf":{"@id":"https:\/\/soltekops.com\/#website"},"primaryImageOfPage":{"@id":"https:\/\/soltekops.com\/reserva\/#primaryimage"},"image":{"@id":"https:\/\/soltekops.com\/reserva\/#primaryimage"},"thumbnailUrl":"https:\/\/soltekops.com\/wp-content\/uploads\/2026\/01\/3e1bc45bf6fd1d4371aa791d1105e007dbd5b498.jpg","datePublished":"2026-01-20T23:35:37+00:00","dateModified":"2026-01-20T23:36:21+00:00","breadcrumb":{"@id":"https:\/\/soltekops.com\/reserva\/#breadcrumb"},"inLanguage":"en-GB","potentialAction":[{"@type":"ReadAction","target":["https:\/\/soltekops.com\/reserva\/"]}]},{"@type":"ImageObject","inLanguage":"en-GB","@id":"https:\/\/soltekops.com\/reserva\/#primaryimage","url":"https:\/\/soltekops.com\/wp-content\/uploads\/2026\/01\/3e1bc45bf6fd1d4371aa791d1105e007dbd5b498.jpg","contentUrl":"https:\/\/soltekops.com\/wp-content\/uploads\/2026\/01\/3e1bc45bf6fd1d4371aa791d1105e007dbd5b498.jpg"},{"@type":"BreadcrumbList","@id":"https:\/\/soltekops.com\/reserva\/#breadcrumb","itemListElement":[{"@type":"ListItem","position":1,"name":"Portada","item":"https:\/\/soltekops.com\/"},{"@type":"ListItem","position":2,"name":"Reserva"}]},{"@type":"WebSite","@id":"https:\/\/soltekops.com\/#website","url":"https:\/\/soltekops.com\/","name":"Soltek Ops","description":"Automatizaci&oacute;n e inteligencia artificial aplicada a operaciones de negocio","publisher":{"@id":"https:\/\/soltekops.com\/#organization"},"potentialAction":[{"@type":"SearchAction","target":{"@type":"EntryPoint","urlTemplate":"https:\/\/soltekops.com\/?s={search_term_string}"},"query-input":{"@type":"PropertyValueSpecification","valueRequired":true,"valueName":"search_term_string"}}],"inLanguage":"en-GB"},{"@type":"Organization","@id":"https:\/\/soltekops.com\/#organization","name":"Soltek Ops","url":"https:\/\/soltekops.com\/","logo":{"@type":"ImageObject","inLanguage":"en-GB","@id":"https:\/\/soltekops.com\/#\/schema\/logo\/image\/","url":"https:\/\/soltekops.com\/wp-content\/uploads\/2026\/01\/cropped-image-1.png","contentUrl":"https:\/\/soltekops.com\/wp-content\/uploads\/2026\/01\/cropped-image-1.png","width":512,"height":512,"caption":"Soltek Ops"},"image":{"@id":"https:\/\/soltekops.com\/#\/schema\/logo\/image\/"}}]}},"_links":{"self":[{"href":"https:\/\/soltekops.com\/en\/wp-json\/wp\/v2\/pages\/905","targetHints":{"allow":["GET"]}}],"collection":[{"href":"https:\/\/soltekops.com\/en\/wp-json\/wp\/v2\/pages"}],"about":[{"href":"https:\/\/soltekops.com\/en\/wp-json\/wp\/v2\/types\/page"}],"author":[{"embeddable":true,"href":"https:\/\/soltekops.com\/en\/wp-json\/wp\/v2\/users\/1"}],"replies":[{"embeddable":true,"href":"https:\/\/soltekops.com\/en\/wp-json\/wp\/v2\/comments?post=905"}],"version-history":[{"count":2,"href":"https:\/\/soltekops.com\/en\/wp-json\/wp\/v2\/pages\/905\/revisions"}],"predecessor-version":[{"id":940,"href":"https:\/\/soltekops.com\/en\/wp-json\/wp\/v2\/pages\/905\/revisions\/940"}],"wp:attachment":[{"href":"https:\/\/soltekops.com\/en\/wp-json\/wp\/v2\/media?parent=905"}],"curies":[{"name":"wp","href":"https:\/\/api.w.org\/{rel}","templated":true}]}}